{"id":768,"date":"2023-07-11T16:35:37","date_gmt":"2023-07-11T16:35:37","guid":{"rendered":"https:\/\/bweb3.com\/clute\/?page_id=768"},"modified":"2026-03-12T09:03:46","modified_gmt":"2026-03-12T14:03:46","slug":"elections-and-voting","status":"publish","type":"page","link":"https:\/\/clutetexas.gov\/new\/city-government\/elections-and-voting\/","title":{"rendered":"Elections and Voting"},"content":{"rendered":"<h2 style=\"text-align: left;\"><span style=\"color: #000000;\"><strong>MAY 2, 2026 GENERAL ELECTION<br \/><br \/><\/strong><\/span><\/h2>\r\n<hr \/>\r\n<p style=\"text-align: left;\"><strong>Notice of Deadline to File for Place on Ballot for May 2, 2026 Election \/ <\/strong><strong>Aviso de fecha l\u00edmite para solicitar un lugar en la boleta electoral para las elecciones del 2 de mayo de 2026:\u00a0<\/strong><em><strong><br \/><\/strong><a href=\"https:\/\/clutetexas.gov\/new\/wp-content\/uploads\/2025\/12\/Notice-of-Deadline-to-File-Application-for-Place-on-Ballot-2026.pdf\">Notice<\/a><a href=\"https:\/\/clutetexas.gov\/new\/wp-content\/uploads\/2025\/12\/Notice-of-Deadline-to-File-Application-for-Place-on-Ballot-2026.pdf\"> of Deadline to File Application for Place on Ballot 2026<\/a><\/em><\/p>\r\n<p><strong>Election Packet Link for Candidates \/ Enlace del paquete electoral para las elecciones:<\/strong><em><br \/><a href=\"https:\/\/www.dropbox.com\/scl\/fo\/hhj1vedq30gap22xk86vq\/AHI_GsrIiCii5hAxB3hhl5o?rlkey=sax3s0rkgmrpkhjo3s36ibihl&amp;st=01uhkjai&amp;dl=0\">https:\/\/www.dropbox.com\/scl\/fo\/hhj1vedq30gap22xk86vq\/AHI_GsrIiCii5hAxB3hhl5o?rlkey=sax3s0rkgmrpkhjo3s36ibihl&amp;st=01uhkjai&amp;dl=0<\/a><br \/><\/em><\/p>\r\n<p><strong>Ordinance Calling May 2, 2026 General Election \/ Ordenanza Convocando del 2 de Mayo, 2026 Elecciones Generales <\/strong><strong>:\u00a0<\/strong><em><strong><br \/><\/strong><a href=\"https:\/\/clutetexas.gov\/new\/wp-content\/uploads\/2026\/02\/2026-001-Ordinance-Calling-General-Election.pdf\">2026-001 Ordinance Calling General Election<\/a><\/em><\/p>\r\n<p><em><strong>Ordinance Cancelling May 2, 2026 General Election \/ Ordenanza Cancelado las Elecciones\u00a0<\/strong><\/em><br \/><em><a href=\"https:\/\/clutetexas.gov\/new\/wp-content\/uploads\/2026\/03\/2026-006-Ordinance-Cancelling-General-Election.pdf\">2026-006 Ordinance Cancelling General Election<\/a>\u00a0<\/em><\/p>\r\n<p><strong>2026 Notices of General Election <\/strong><em><strong>\/ <\/strong><\/em><strong>2026 Avisos de Elecciones Generales:<\/strong><em><strong><br \/><\/strong><\/em><em>N\/A<\/em><\/p>\r\n<p><strong>The following Candidates have filed for office for the May 2, 2026 General Election.<br \/>los siguientes candidatos se han presentado para el cargo:<\/strong><\/p>\r\n<p><!-- \/wp:post-content -->\r\n\r\n<!-- wp:paragraph --><\/p>\r\n<p><strong>Mayor &#8211; Alcalde\u00a0<br \/><\/strong><i>Filed 2\/4\/2026: <a href=\"https:\/\/clutetexas.gov\/new\/wp-content\/uploads\/2026\/02\/Calvin-Shiflet-Candidate-Mayor.pdf\">Calvin Shiflet &#8211; Candidate Mayor<\/a><\/i>\u00a0unopposed<br \/><strong>Council Member W<\/strong><strong>ard A &#8211; Consejo de Ciudad, Ward A\u00a0<br \/><\/strong><em>Filed 1\/28\/2026: <a href=\"https:\/\/clutetexas.gov\/new\/wp-content\/uploads\/2026\/02\/Jeff-Crisp-Candidate-Ward-A.pdf\">Jeff Crisp &#8211; Candidate Ward A<\/a><\/em>\u00a0unopposed<em><br \/><\/em><strong>Council Member Ward C &#8211; Consejo de Ciudad, Ward C<br \/><\/strong><em>Filed 2\/12\/2026: <a href=\"https:\/\/clutetexas.gov\/new\/wp-content\/uploads\/2026\/02\/Nicole-Maddox-Candidate-Ward-C.pdf\">Nicole Maddox &#8211; Candidate Ward C<\/a><\/em><em> unopposed<br \/><\/em><strong>Council Member Ward E &#8211; Consejo de Ciudad, Ward E<br \/><\/strong><em>Filed 1\/20\/2026:<\/em> <a href=\"https:\/\/clutetexas.gov\/new\/wp-content\/uploads\/2026\/01\/David-Culpepper-Candidate-Ward-E.pdf\"><em>David Culpepper &#8211; Candidate Ward E<\/em><\/a> unopposed<br \/>\u00a0 \u00a0 \u00a0 \u00a0 \u00a0 \u00a0 \u00a0 \u00a0 \u00a0 \u00a0 \u00a0__________________________________________<\/p>\r\n<p><strong>Mailing Address of Political Subdivision \/ <\/strong><strong>Direcci\u00f3n Postal de Subdivisi\u00f3n Pol\u00edtica:<\/strong><em><br \/><\/em>City of Clute City Hall<br \/>108 E. Main Street<br \/>Clute, Texas 77531<br \/><strong>Telephone Number \/ <\/strong><strong>N\u00famero de Tel\u00e9fono:<\/strong><em><br \/><\/em>979-265-2541 Ext. 1105<br \/><strong>E-Mail Address \/ Direcci\u00f3n de Correo Electr\u00f3nico:<\/strong><br \/>City Clerk, Rosie Poitevint<br \/><a href=\"mailto:rosie@clutetexas.gov\"><em>rosie@clutetexas.gov<\/em><\/a><\/p>\r\n<p><strong>Elected Officers of Political Subdivision \/ <\/strong><strong>Oficiales Electos de la Subdivisi\u00f3n Pol\u00edtica<br \/>Year Elected Officer\u2019s Term Expires \/ <\/strong><strong>A\u00f1o en que Expira el Mandato del Oficial Electo:<em><br \/><\/em><\/strong>Mayor Calvin Shiflet &#8211; Elected May 2024 \/ Expires May 2026<br \/>Council Member Ward A &#8211; Jeff Crisp &#8211; Elected May 2024 \/ Expires May 2026<br \/>Council Member Ward B &#8211; Erick Aguilar &#8211; Declared Elected May 2025 \/ Expires May 2027<br \/>Council Member Ward C &#8211; Nicole Maddox &#8211; Elected May 2024 \/ Expires May 2026<br \/>Council Member Ward D &#8211; Joe Lopez &#8211; Declared Elected May 2025 \/ Expires May 2027<br \/>Council Member Ward E &#8211;\u00a0 Vacant 2\/1\/26 \/ Expires May 2026<br \/>Municipal Judge Randy Smith &#8211; Declared Elected May 2025 \/ Expires May 2027<\/p>\r\n<p><strong>All Elections for the City of Clute are held at \/ Todas las elecciones para la Cuidad de Clute se llevan a cabo en:<\/strong><br \/>Clute Event Center<br \/>100 Parkview Drive<br \/>Clute, Texas 77531<\/p>\r\n<!-- \/wp:paragraph -->\r\n\r\n<!-- wp:paragraph \/-->\r\n\r\n<!-- wp:paragraph \/-->\r\n\r\n<!-- wp:paragraph -->\r\n<p><strong>General Elections for May 2 2026 will consist of \/ Las Elecciones Generales del 2 de mayo de 2025 consistir<span class=\"Y2IQFc\" lang=\"es\">\u00e1<\/span>n en: <\/strong>(All candidates unopposed \/ Todos los candidatos sin oposicion)<\/p>\r\n<p>Mayor &#8211; 2 Year Term\u00a0<br \/><em>Alcalde &#8211; 2 a<span class=\"Y2IQFc\" lang=\"es\">\u00f1<\/span>os<\/em><\/p>\r\n<p>Council Member Ward A &#8211; 2 Year Term\u00a0<br \/><em>Consejo de Ciudad, Ward A &#8211; 2 a<span class=\"Y2IQFc\" lang=\"es\">\u00f1<\/span>os<\/em><\/p>\r\n<p>Council Member Ward C &#8211; 2 Year Term\u00a0<br \/><em>Consejo de Ciudad, Ward C &#8211; 2 a<span class=\"Y2IQFc\" lang=\"es\">\u00f1<\/span>os<\/em><\/p>\r\n<p>Council Member Ward E &#8211; 2 Year Term<br \/><em>Consejo de Ciudad, Ward E &#8211; 2\u00a0<\/em><em>a<\/em><em>\u00f1<\/em><em>os<\/em><\/p>\r\n<p><strong style=\"font-size: 16px;\">Candidate Eligibility Requirements \/ Requisitos de Elegibilidad del Candidato:<\/strong><\/p>\r\n<p>Each person seeking election for Mayor or Municipal Judge shall be a citizen of the United States of America; a qualified voter of the State of Texas; and reside and be registered to vote at such residence within the corporate limits of the City of Clute for a period of at least one year immediately preceding the date of his\/her selection. Each person seeking election as a Council Member for a specific Ward must reside and be registered to vote at such residence within the single member district or ward from which he or she seeks election or appointment for a period of at least one year immediately preceding the date of his\/her selection.<\/p>\r\n<p><em>Toda persona que postule a la elecci\u00f3n para Alcalde o Juez Municipal deber\u00e1 ser ciudadano de los Estados Unidos de Am\u00e9rica; un votante calificado del Estado de Texas; y residir y estar registrado para votar en dicha residencia dentro de los l\u00edmites corporativos de la Ciudad de Clute por un per\u00edodo de al menos un a\u00f1o inmediatamente anterior a la fecha de su selecci\u00f3n. Cada persona que busque ser elegido miembro del Consejo para un distrito espec\u00edfico debe residir y estar registrado para votar en dicha residencia dentro del distrito o distrito de un solo miembro en el que busca la elecci\u00f3n o el nombramiento por un per\u00edodo de al menos un a\u00f1o inmediatamente anterior a la fecha. de su selecci\u00f3n.<\/em><strong><em><br \/><\/em><\/strong><\/p>\r\n<!-- \/wp:paragraph -->\r\n\r\n<!-- wp:paragraph \/-->\r\n\r\n<!-- wp:paragraph -->\r\n<p><strong>Notice of Drawing for Place on Ballot for May 2, 2026 Election\/ <\/strong><strong>A<\/strong><strong>viso de sorteo para el lugar en la boleta para la eleccion del 2 de mayo de 2026:<\/strong><br \/><em>N\/A<\/em><\/p>\r\n<!-- \/wp:paragraph -->\r\n\r\n<!-- wp:paragraph \/-->\r\n\r\n<!-- wp:paragraph \/-->\r\n\r\n<!-- wp:paragraph \/-->\r\n\r\n<!-- wp:paragraph \/-->\r\n\r\n<!-- wp:paragraph \/-->\r\n\r\n<!-- wp:paragraph \/-->\r\n\r\n<!-- wp:paragraph \/-->\r\n\r\n<!-- wp:paragraph \/-->\r\n\r\n<!-- wp:paragraph -->\r\n<p><strong>2026 Sample Ballots \/ <\/strong><strong>Boletas de muestra:<\/strong><br \/><em>N\/A<\/em><\/p>\r\n<p><strong>Election Results &#8211; Resultados de las elecciones:<br \/><\/strong>2026 Results not available until May 3, 2026 \/ <em>2026 resultados no disponible asta mayo 3, 2026<\/em><\/p>\r\n<p><strong>Council Meeting Schedule \/ Calendario de reuniones del consejo:<\/strong><\/p>\r\n<p>Every 2nd and 4th Thursday of the month, with exceptions for Thanksgiving and Christmas<br \/><em>Todos los segundos y cuartos jueves del mes, con la excepcion de Accion de Gracias y Navidad<\/em><\/p>\r\n<pre id=\"tw-target-text\" class=\"tw-data-text tw-text-large tw-ta\" dir=\"ltr\" tabindex=\"-1\" role=\"text\" data-placeholder=\"Translation\" data-ved=\"2ahUKEwi5y77qleiRAxVnpIkEHYYZCu8Q3ewLegQIDBAW\" aria-label=\"Translated text: Todos los segundos y cuartos jueves del mes, con la excepci\u00f3n de Acci\u00f3n de Gracias y Navidad.\">\u00a0<\/pre>\r\n<!-- \/wp:paragraph -->","protected":false},"excerpt":{"rendered":"<p>MAY 2, 2026 GENERAL ELECTION Notice of Deadline to File for Place on Ballot for May 2, 2026 Election \/ Aviso de fecha l\u00edmite para solicitar un lugar en la [&hellip;]<\/p>\n","protected":false},"author":1,"featured_media":0,"parent":235,"menu_order":0,"comment_status":"closed","ping_status":"closed","template":"","meta":{"_acf_changed":false,"site-sidebar-layout":"default","site-content-layout":"default","ast-site-content-layout":"default","site-content-style":"default","site-sidebar-style":"default","ast-global-header-display":"","ast-banner-title-visibility":"","ast-main-header-display":"","ast-hfb-above-header-display":"","ast-hfb-below-header-display":"","ast-hfb-mobile-header-display":"","site-post-title":"","ast-breadcrumbs-content":"","ast-featured-img":"","footer-sml-layout":"","theme-transparent-header-meta":"default","adv-header-id-meta":"","stick-header-meta":"","header-above-stick-meta":"","header-main-stick-meta":"","header-below-stick-meta":"","astra-migrate-meta-layouts":"set","ast-page-background-enabled":"default","ast-page-background-meta":{"desktop":{"background-color":"var(--ast-global-color-4)","background-image":"","background-repeat":"repeat","background-position":"center center","background-size":"auto","background-attachment":"scroll","background-type":"","background-media":"","overlay-type":"","overlay-color":"","overlay-opacity":"","overlay-gradient":""},"tablet":{"background-color":"","background-image":"","background-repeat":"repeat","background-position":"center center","background-size":"auto","background-attachment":"scroll","background-type":"","background-media":"","overlay-type":"","overlay-color":"","overlay-opacity":"","overlay-gradient":""},"mobile":{"background-color":"","background-image":"","background-repeat":"repeat","background-position":"center center","background-size":"auto","background-attachment":"scroll","background-type":"","background-media":"","overlay-type":"","overlay-color":"","overlay-opacity":"","overlay-gradient":""}},"ast-content-background-meta":{"desktop":{"background-color":"var(--ast-global-color-5)","background-image":"","background-repeat":"repeat","background-position":"center center","background-size":"auto","background-attachment":"scroll","background-type":"","background-media":"","overlay-type":"","overlay-color":"","overlay-opacity":"","overlay-gradient":""},"tablet":{"background-color":"var(--ast-global-color-5)","background-image":"","background-repeat":"repeat","background-position":"center center","background-size":"auto","background-attachment":"scroll","background-type":"","background-media":"","overlay-type":"","overlay-color":"","overlay-opacity":"","overlay-gradient":""},"mobile":{"background-color":"var(--ast-global-color-5)","background-image":"","background-repeat":"repeat","background-position":"center center","background-size":"auto","background-attachment":"scroll","background-type":"","background-media":"","overlay-type":"","overlay-color":"","overlay-opacity":"","overlay-gradient":""}},"footnotes":""},"class_list":["post-768","page","type-page","status-publish","hentry"],"acf":[],"aioseo_notices":[],"_links":{"self":[{"href":"https:\/\/clutetexas.gov\/new\/wp-json\/wp\/v2\/pages\/768","targetHints":{"allow":["GET"]}}],"collection":[{"href":"https:\/\/clutetexas.gov\/new\/wp-json\/wp\/v2\/pages"}],"about":[{"href":"https:\/\/clutetexas.gov\/new\/wp-json\/wp\/v2\/types\/page"}],"author":[{"embeddable":true,"href":"https:\/\/clutetexas.gov\/new\/wp-json\/wp\/v2\/users\/1"}],"replies":[{"embeddable":true,"href":"https:\/\/clutetexas.gov\/new\/wp-json\/wp\/v2\/comments?post=768"}],"version-history":[{"count":57,"href":"https:\/\/clutetexas.gov\/new\/wp-json\/wp\/v2\/pages\/768\/revisions"}],"predecessor-version":[{"id":161693,"href":"https:\/\/clutetexas.gov\/new\/wp-json\/wp\/v2\/pages\/768\/revisions\/161693"}],"up":[{"embeddable":true,"href":"https:\/\/clutetexas.gov\/new\/wp-json\/wp\/v2\/pages\/235"}],"wp:attachment":[{"href":"https:\/\/clutetexas.gov\/new\/wp-json\/wp\/v2\/media?parent=768"}],"curies":[{"name":"wp","href":"https:\/\/api.w.org\/{rel}","templated":true}]}}